{"id":2774,"date":"2025-05-12T16:25:08","date_gmt":"2025-05-12T14:25:08","guid":{"rendered":"https:\/\/chateaudeblavou.fr\/?page_id=2774"},"modified":"2025-05-16T17:42:30","modified_gmt":"2025-05-16T15:42:30","slug":"les-cabanes-lumipodes","status":"publish","type":"page","link":"https:\/\/www.chateaudeblavou.fr\/en\/les-cabanes-lumipodes\/","title":{"rendered":"Les cabanes Lumipodes"},"content":{"rendered":"<div data-elementor-type=\"wp-page\" data-elementor-id=\"2774\" class=\"elementor elementor-2774\" data-elementor-post-type=\"page\">\n\t\t\t\t<div data-particle_enable=\"false\" data-particle-mobile-disabled=\"false\" class=\"elementor-element elementor-element-73e8e63d e-flex e-con-boxed e-con e-parent\" data-id=\"73e8e63d\" data-element_type=\"container\" data-settings=\"{&quot;background_background&quot;:&quot;classic&quot;,&quot;jet_parallax_layout_list&quot;:[],&quot;shape_divider_bottom&quot;:&quot;book&quot;}\">\n\t\t\t\t\t<div class=\"e-con-inner\">\n\t\t\t\t<div class=\"elementor-shape elementor-shape-bottom\" data-negative=\"false\">\n\t\t\t<svg xmlns=\"http:\/\/www.w3.org\/2000\/svg\" viewbox=\"0 0 1000 100\" preserveaspectratio=\"none\">\n\t<path class=\"elementor-shape-fill\" d=\"M194,99c186.7,0.7,305-78.3,306-97.2c1,18.9,119.3,97.9,306,97.2c114.3-0.3,194,0.3,194,0.3s0-91.7,0-100c0,0,0,0,0-0 L0,0v99.3C0,99.3,79.7,98.7,194,99z\"\/>\n<\/svg>\t\t<\/div>\n\t\t<div data-particle_enable=\"false\" data-particle-mobile-disabled=\"false\" class=\"elementor-element elementor-element-15f7dbf0 e-con-full e-flex e-con e-child\" data-id=\"15f7dbf0\" data-element_type=\"container\" data-settings=\"{&quot;jet_parallax_layout_list&quot;:[]}\">\n\t\t\t\t<div class=\"elementor-element elementor-element-38e56c68 elementor-widget elementor-widget-heading\" data-id=\"38e56c68\" data-element_type=\"widget\" data-widget_type=\"heading.default\">\n\t\t\t\t<div class=\"elementor-widget-container\">\n\t\t\t\t\t<h1 class=\"elementor-heading-title elementor-size-default\">Les cabanes Lumipodes<\/h1>\t\t\t\t<\/div>\n\t\t\t\t<\/div>\n\t\t\t\t<div class=\"elementor-element elementor-element-2b8a0522 elementor-widget elementor-widget-image\" data-id=\"2b8a0522\" data-element_type=\"widget\" data-widget_type=\"image.default\">\n\t\t\t\t<div class=\"elementor-widget-container\">\n\t\t\t\t\t\t\t\t\t\t\t\t\t\t\t<img decoding=\"async\" src=\"https:\/\/www.chateaudeblavou.fr\/wp-content\/uploads\/2021\/04\/divider.svg\" class=\"attachment-full size-full wp-image-81\" alt=\"\" \/>\t\t\t\t\t\t\t\t\t\t\t\t\t\t\t<\/div>\n\t\t\t\t<\/div>\n\t\t\t\t<\/div>\n\t\t\t\t\t<\/div>\n\t\t\t\t<\/div>\n\t\t<div data-particle_enable=\"false\" data-particle-mobile-disabled=\"false\" class=\"elementor-element elementor-element-58a8863 e-flex e-con-boxed e-con e-parent\" data-id=\"58a8863\" data-element_type=\"container\" data-settings=\"{&quot;jet_parallax_layout_list&quot;:[]}\">\n\t\t\t\t\t<div class=\"e-con-inner\">\n\t\t<div data-particle_enable=\"false\" data-particle-mobile-disabled=\"false\" class=\"elementor-element elementor-element-4b3108f e-con-full e-flex e-con e-child\" data-id=\"4b3108f\" data-element_type=\"container\" data-settings=\"{&quot;jet_parallax_layout_list&quot;:[]}\">\n\t\t\t\t<div class=\"elementor-element elementor-element-11d6b92 elementor-widget elementor-widget-heading\" data-id=\"11d6b92\" data-element_type=\"widget\" data-widget_type=\"heading.default\">\n\t\t\t\t<div class=\"elementor-widget-container\">\n\t\t\t\t\t<h2 class=\"elementor-heading-title elementor-size-default\">Une nuit en parfaite <br\/>harmonie avec la nature  <\/h2>\t\t\t\t<\/div>\n\t\t\t\t<\/div>\n\t\t<div data-particle_enable=\"false\" data-particle-mobile-disabled=\"false\" class=\"elementor-element elementor-element-b3b4b6d e-con-full e-flex e-con e-child\" data-id=\"b3b4b6d\" data-element_type=\"container\" data-settings=\"{&quot;jet_parallax_layout_list&quot;:[]}\">\n\t\t<div data-particle_enable=\"false\" data-particle-mobile-disabled=\"false\" class=\"elementor-element elementor-element-91d8e06 e-con-full e-flex e-con e-child\" data-id=\"91d8e06\" data-element_type=\"container\" data-settings=\"{&quot;jet_parallax_layout_list&quot;:[]}\">\n\t\t\t\t<div class=\"elementor-element elementor-element-d92eb1f elementor-widget elementor-widget-text-editor\" data-id=\"d92eb1f\" data-element_type=\"widget\" data-widget_type=\"text-editor.default\">\n\t\t\t\t<div class=\"elementor-widget-container\">\n\t\t\t\t\t\t\t\t\t<section class=\"intro-section reveal visible\"><div class=\"container\"><div class=\"intro-text\"><p>Deux cabanes Lumipodes en chambres d\u2019H\u00f4tes de Luxe (1 cabane chambre c\u00f4t\u00e9 for\u00eat et 1 cabane chambre c\u00f4t\u00e9 pr\u00e8s). Un v\u00e9ritable cocon de simplicit\u00e9 et un nouveau concept de cabane pour laisser place \u00e0 une exp\u00e9rience in\u00e9dite. Premier \u00e9tablissement dans le Perche en Normandie \u00e0 avoir des Lumipodes de luxe.<\/p><\/div><\/div><\/section>\t\t\t\t\t\t\t\t<\/div>\n\t\t\t\t<\/div>\n\t\t\t\t<div class=\"elementor-element elementor-element-fbf16b6 elementor-widget elementor-widget-text-editor\" data-id=\"fbf16b6\" data-element_type=\"widget\" data-widget_type=\"text-editor.default\">\n\t\t\t\t<div class=\"elementor-widget-container\">\n\t\t\t\t\t\t\t\t\t<section class=\"intro-section reveal visible\"><div class=\"container\"><div class=\"intro-text\"><p>Pos\u00e9e en plein c\u0153ur du domaine, cette chambre de luxe dont la fen\u00eatre s&rsquo;ouvre \u00e0 180\u00b0 offre une immersion totale dans la nature. Cette chambre circulaire de 19m\u00b2 est vitr\u00e9e \u00e0 50% de sa circonf\u00e9rence et il suffit d&rsquo;appuyer sur un bouton pour que, tel un th\u00e9\u00e2tre, les rideaux s&rsquo;ouvrent et laissent place au spectacle de la nature sans cesse changeant. Lit King-size, douche \u00e0 l&rsquo;italienne et WC. Pour une d\u00e9connexion compl\u00e8te, cette chambre n&rsquo;est \u00e9quip\u00e9e ni du wifi, ni de t\u00e9l\u00e9phone, ni de TV (n\u00e9anmoins le Wi-Fi est disponible dans le ch\u00e2teau uniquement). La chambre est situ\u00e9e \u00e0 100 m\u00e8tres du b\u00e2timent principal.<\/p><\/div><\/div><\/section>\t\t\t\t\t\t\t\t<\/div>\n\t\t\t\t<\/div>\n\t\t\t\t<div class=\"elementor-element elementor-element-4596dc1 elementor-view-default elementor-widget elementor-widget-icon\" data-id=\"4596dc1\" data-element_type=\"widget\" data-widget_type=\"icon.default\">\n\t\t\t\t<div class=\"elementor-widget-container\">\n\t\t\t\t\t\t\t<div class=\"elementor-icon-wrapper\">\n\t\t\t<a class=\"elementor-icon\" href=\"#scroll\">\n\t\t\t<svg xmlns=\"http:\/\/www.w3.org\/2000\/svg\" xmlns:xlink=\"http:\/\/www.w3.org\/1999\/xlink\" id=\"Layer_1\" viewbox=\"0 0 100 100\" xml:space=\"preserve\"><polygon fill=\"#010101\" points=\"23.1,34.1 51.5,61.7 80,34.1 81.5,35 51.5,64.1 21.5,35 23.1,34.1 \"><\/polygon><\/svg>\t\t\t<\/a>\n\t\t<\/div>\n\t\t\t\t\t\t<\/div>\n\t\t\t\t<\/div>\n\t\t\t\t<\/div>\n\t\t\t\t<\/div>\n\t\t\t\t<\/div>\n\t\t\t\t\t<\/div>\n\t\t\t\t<\/div>\n\t\t<div data-particle_enable=\"false\" data-particle-mobile-disabled=\"false\" class=\"elementor-element elementor-element-63696e19 e-flex e-con-boxed e-con e-parent\" data-id=\"63696e19\" data-element_type=\"container\" data-settings=\"{&quot;jet_parallax_layout_list&quot;:[]}\">\n\t\t\t\t\t<div class=\"e-con-inner\">\n\t\t<div data-particle_enable=\"false\" data-particle-mobile-disabled=\"false\" class=\"elementor-element elementor-element-5c6af9e6 e-con-full e-flex e-con e-child\" data-id=\"5c6af9e6\" data-element_type=\"container\" data-settings=\"{&quot;jet_parallax_layout_list&quot;:[]}\">\n\t\t\t\t<div class=\"elementor-element elementor-element-8a1d179 elementor-widget elementor-widget-image\" data-id=\"8a1d179\" data-element_type=\"widget\" data-widget_type=\"image.default\">\n\t\t\t\t<div class=\"elementor-widget-container\">\n\t\t\t\t\t\t\t\t\t\t\t\t\t\t\t<img decoding=\"async\" src=\"https:\/\/www.chateaudeblavou.fr\/wp-content\/uploads\/elementor\/thumbs\/lumicene-lumipod-6-private-houses-archello.1620368223.3423-r5pdwgxwfohz0m6089hq5bh5l6s2xntj6wao5r75sk.webp\" title=\"lumicene-lumipod-6-private-houses-archello.1620368223.3423\" alt=\"lumicene-lumipod-6-private-houses-archello.1620368223.3423\" loading=\"lazy\" \/>\t\t\t\t\t\t\t\t\t\t\t\t\t\t\t<\/div>\n\t\t\t\t<\/div>\n\t\t\t\t<div class=\"elementor-element elementor-element-554647ec elementor-widget elementor-widget-jet-pricing-table\" data-id=\"554647ec\" data-element_type=\"widget\" data-widget_type=\"jet-pricing-table.default\">\n\t\t\t\t<div class=\"elementor-widget-container\">\n\t\t\t\t\t<div class=\"elementor-jet-pricing-table jet-elements\"><div class=\"pricing-table\">\n\t<div class=\"pricing-table__heading\">\n\t\t<h2 class=\"pricing-table__title\">Cabanes Lumipodes<\/h2>\t<h4 class=\"pricing-table__subtitle\">Attention ouverture des cabanes et r\u00e9servation en 2025 projet en finalisation <\/h4><\/div>\t<div class=\"pricing-table__price\"><span class=\"pricing-table__price-prefix\">From <\/span><span class=\"pricing-table__price-val\">300\u20ac \/nuit<\/span><p class=\"pricing-table__price-desc\">Pour 2 personnes uniquement<br\/>\nDouche \u00e0 l\u2019italienne<br\/>\nLit King-size<br\/>\nPetit-d\u00e9jeuner inclus dans le prix <br\/>\nA partir de 300\u20ac pour 2 personnes la nuit.\n<\/p><\/div>\t<div class=\"pricing-table__features\">\n\t<div class=\"pricing-table__fold-mask pricing-table-unfold-state\"><div class=\"pricing-feature pricing-feature-8e3c78a item-included\">\n\t<div class=\"pricing-feature__inner\"><span class=\"pricing-feature__text\">Arriv\u00e9e 15h30<\/span><\/div>\n<\/div><div class=\"pricing-feature pricing-feature-26a46a1 item-included\">\n\t<div class=\"pricing-feature__inner\"><span class=\"pricing-feature__text\">D\u00e9part 11h30<\/span><\/div>\n<\/div><div class=\"pricing-feature pricing-feature-8a2b384 item-included\">\n\t<div class=\"pricing-feature__inner\"><span class=\"pricing-feature__text\">2 couchages<\/span><\/div>\n<\/div>\t<\/div>\n\t<\/div>\t\t<\/div>\n<\/div>\t\t\t\t<\/div>\n\t\t\t\t<\/div>\n\t\t\t\t<\/div>\n\t\t\t\t\t<\/div>\n\t\t\t\t<\/div>\n\t\t<div data-particle_enable=\"false\" data-particle-mobile-disabled=\"false\" class=\"elementor-element elementor-element-45b77cb e-flex e-con-boxed e-con e-parent\" data-id=\"45b77cb\" data-element_type=\"container\" data-settings=\"{&quot;jet_parallax_layout_list&quot;:[]}\">\n\t\t\t\t\t<div class=\"e-con-inner\">\n\t\t\t\t<div class=\"elementor-element elementor-element-c84dfc1 elementor-align-center elementor-widget elementor-widget-button\" data-id=\"c84dfc1\" data-element_type=\"widget\" data-widget_type=\"button.default\">\n\t\t\t\t<div class=\"elementor-widget-container\">\n\t\t\t\t\t\t\t\t\t<div class=\"elementor-button-wrapper\">\n\t\t\t\t\t<a class=\"elementor-button elementor-button-link elementor-size-sm\" href=\"https:\/\/www.chateaudeblavou.fr\/en\/infos-acces\/\">\n\t\t\t\t\t\t<span class=\"elementor-button-content-wrapper\">\n\t\t\t\t\t\t<span class=\"elementor-button-icon\">\n\t\t\t\t<svg aria-hidden=\"true\" class=\"e-font-icon-svg e-fas-long-arrow-alt-right\" viewbox=\"0 0 448 512\" xmlns=\"http:\/\/www.w3.org\/2000\/svg\"><path d=\"M313.941 216H12c-6.627 0-12 5.373-12 12v56c0 6.627 5.373 12 12 12h301.941v46.059c0 21.382 25.851 32.09 40.971 16.971l86.059-86.059c9.373-9.373 9.373-24.569 0-33.941l-86.059-86.059c-15.119-15.119-40.971-4.411-40.971 16.971V216z\"><\/path><\/svg>\t\t\t<\/span>\n\t\t\t\t\t\t\t\t\t<span class=\"elementor-button-text\">Booking request<\/span>\n\t\t\t\t\t<\/span>\n\t\t\t\t\t<\/a>\n\t\t\t\t<\/div>\n\t\t\t\t\t\t\t\t<\/div>\n\t\t\t\t<\/div>\n\t\t\t\t\t<\/div>\n\t\t\t\t<\/div>\n\t\t<div data-particle_enable=\"false\" data-particle-mobile-disabled=\"false\" class=\"elementor-element elementor-element-6fa2ab82 e-con-full e-flex e-con e-parent\" data-id=\"6fa2ab82\" data-element_type=\"container\" data-settings=\"{&quot;background_background&quot;:&quot;classic&quot;,&quot;jet_parallax_layout_list&quot;:[]}\">\n\t\t<div data-particle_enable=\"false\" data-particle-mobile-disabled=\"false\" class=\"elementor-element elementor-element-3ab22675 e-con-full e-flex e-con e-child\" data-id=\"3ab22675\" data-element_type=\"container\" data-settings=\"{&quot;background_background&quot;:&quot;classic&quot;,&quot;jet_parallax_layout_list&quot;:[]}\">\n\t\t\t\t<\/div>\n\t\t<div data-particle_enable=\"false\" data-particle-mobile-disabled=\"false\" class=\"elementor-element elementor-element-57aac8c4 e-con-full e-flex e-con e-child\" data-id=\"57aac8c4\" data-element_type=\"container\" data-settings=\"{&quot;jet_parallax_layout_list&quot;:[]}\">\n\t\t<div data-particle_enable=\"false\" data-particle-mobile-disabled=\"false\" class=\"elementor-element elementor-element-4a735817 e-con-full e-flex e-con e-child\" data-id=\"4a735817\" data-element_type=\"container\" data-settings=\"{&quot;jet_parallax_layout_list&quot;:[]}\">\n\t\t\t\t<div class=\"elementor-element elementor-element-e799056 elementor-widget elementor-widget-heading\" data-id=\"e799056\" data-element_type=\"widget\" data-widget_type=\"heading.default\">\n\t\t\t\t<div class=\"elementor-widget-container\">\n\t\t\t\t\t<h3 class=\"elementor-heading-title elementor-size-default\">Enjoy our breakfast table<\/h3>\t\t\t\t<\/div>\n\t\t\t\t<\/div>\n\t\t\t\t<div class=\"elementor-element elementor-element-62d3cebb elementor-widget elementor-widget-text-editor\" data-id=\"62d3cebb\" data-element_type=\"widget\" data-widget_type=\"text-editor.default\">\n\t\t\t\t<div class=\"elementor-widget-container\">\n\t\t\t\t\t\t\t\t\t<p><strong>The host table :<\/strong> We offer a menu 48\u20ac 58\u20ac, made with regional products of the season, home cooking and ORGANIC products. The price includes 1\/2 bottle of wine per person or soda 33cl per person or sparkling water 50cl per person.\u00a0<\/p>\t\t\t\t\t\t\t\t<\/div>\n\t\t\t\t<\/div>\n\t\t<div data-particle_enable=\"false\" data-particle-mobile-disabled=\"false\" class=\"elementor-element elementor-element-ff422d9 e-con-full e-flex e-con e-child\" data-id=\"ff422d9\" data-element_type=\"container\" data-settings=\"{&quot;jet_parallax_layout_list&quot;:[]}\">\n\t\t\t\t<div class=\"elementor-element elementor-element-f8f67b6 elementor-mobile-align-center elementor-widget elementor-widget-button\" data-id=\"f8f67b6\" data-element_type=\"widget\" data-widget_type=\"button.default\">\n\t\t\t\t<div class=\"elementor-widget-container\">\n\t\t\t\t\t\t\t\t\t<div class=\"elementor-button-wrapper\">\n\t\t\t\t\t<a class=\"elementor-button elementor-button-link elementor-size-sm\" href=\"https:\/\/www.chateaudeblavou.fr\/en\/la-table-gastronomique\/\">\n\t\t\t\t\t\t<span class=\"elementor-button-content-wrapper\">\n\t\t\t\t\t\t\t\t\t<span class=\"elementor-button-text\">discover our menus<\/span>\n\t\t\t\t\t<\/span>\n\t\t\t\t\t<\/a>\n\t\t\t\t<\/div>\n\t\t\t\t\t\t\t\t<\/div>\n\t\t\t\t<\/div>\n\t\t\t\t<div class=\"elementor-element elementor-element-71544ae elementor-mobile-align-center elementor-widget elementor-widget-button\" data-id=\"71544ae\" data-element_type=\"widget\" data-widget_type=\"button.default\">\n\t\t\t\t<div class=\"elementor-widget-container\">\n\t\t\t\t\t\t\t\t\t<div class=\"elementor-button-wrapper\">\n\t\t\t\t\t<a class=\"elementor-button elementor-button-link elementor-size-sm\" href=\"https:\/\/www.chateaudeblavou.fr\/en\/cours-de-cuisine\/\">\n\t\t\t\t\t\t<span class=\"elementor-button-content-wrapper\">\n\t\t\t\t\t\t\t\t\t<span class=\"elementor-button-text\">Cooking classes<\/span>\n\t\t\t\t\t<\/span>\n\t\t\t\t\t<\/a>\n\t\t\t\t<\/div>\n\t\t\t\t\t\t\t\t<\/div>\n\t\t\t\t<\/div>\n\t\t\t\t<\/div>\n\t\t\t\t<\/div>\n\t\t\t\t<\/div>\n\t\t\t\t<\/div>\n\t\t\t\t<\/div>","protected":false},"excerpt":{"rendered":"<p>Une nuit en parfaite harmonie avec la nature Deux cabanes Lumipodes en chambres d\u2019H\u00f4tes de Luxe (1 cabane chambre c\u00f4t\u00e9 for\u00eat et 1 cabane chambre c\u00f4t\u00e9 pr\u00e8s). Un v\u00e9ritable cocon de simplicit\u00e9 et un nouveau concept de cabane pour laisser place \u00e0 une exp\u00e9rience in\u00e9dite. Premier \u00e9tablissement dans le Perche en Normandie \u00e0 avoir des [&hellip;]<\/p>","protected":false},"author":1,"featured_media":0,"parent":0,"menu_order":0,"comment_status":"closed","ping_status":"closed","template":"","meta":{"site-sidebar-layout":"no-sidebar","site-content-layout":"page-builder","ast-site-content-layout":"full-width-container","site-content-style":"default","site-sidebar-style":"default","ast-global-header-display":"","ast-banner-title-visibility":"","ast-main-header-display":"","ast-hfb-above-header-display":"","ast-hfb-below-header-display":"","ast-hfb-mobile-header-display":"","site-post-title":"disabled","ast-breadcrumbs-content":"","ast-featured-img":"disabled","footer-sml-layout":"","theme-transparent-header-meta":"default","adv-header-id-meta":"","stick-header-meta":"default","header-above-stick-meta":"","header-main-stick-meta":"","header-below-stick-meta":"","astra-migrate-meta-layouts":"set","ast-page-background-enabled":"default","ast-page-background-meta":{"desktop":{"background-color":"","background-image":"","background-repeat":"repeat","background-position":"center center","background-size":"auto","background-attachment":"scroll","background-type":"","background-media":"","overlay-type":"","overlay-color":"","overlay-opacity":"","overlay-gradient":""},"tablet":{"background-color":"","background-image":"","background-repeat":"repeat","background-position":"center center","background-size":"auto","background-attachment":"scroll","background-type":"","background-media":"","overlay-type":"","overlay-color":"","overlay-opacity":"","overlay-gradient":""},"mobile":{"background-color":"","background-image":"","background-repeat":"repeat","background-position":"center center","background-size":"auto","background-attachment":"scroll","background-type":"","background-media":"","overlay-type":"","overlay-color":"","overlay-opacity":"","overlay-gradient":""}},"ast-content-background-meta":{"desktop":{"background-color":"var(--ast-global-color-5)","background-image":"","background-repeat":"repeat","background-position":"center center","background-size":"auto","background-attachment":"scroll","background-type":"","background-media":"","overlay-type":"","overlay-color":"","overlay-opacity":"","overlay-gradient":""},"tablet":{"background-color":"var(--ast-global-color-5)","background-image":"","background-repeat":"repeat","background-position":"center center","background-size":"auto","background-attachment":"scroll","background-type":"","background-media":"","overlay-type":"","overlay-color":"","overlay-opacity":"","overlay-gradient":""},"mobile":{"background-color":"var(--ast-global-color-5)","background-image":"","background-repeat":"repeat","background-position":"center center","background-size":"auto","background-attachment":"scroll","background-type":"","background-media":"","overlay-type":"","overlay-color":"","overlay-opacity":"","overlay-gradient":""}},"footnotes":""},"class_list":["post-2774","page","type-page","status-publish","hentry"],"_links":{"self":[{"href":"https:\/\/www.chateaudeblavou.fr\/en\/wp-json\/wp\/v2\/pages\/2774","targetHints":{"allow":["GET"]}}],"collection":[{"href":"https:\/\/www.chateaudeblavou.fr\/en\/wp-json\/wp\/v2\/pages"}],"about":[{"href":"https:\/\/www.chateaudeblavou.fr\/en\/wp-json\/wp\/v2\/types\/page"}],"author":[{"embeddable":true,"href":"https:\/\/www.chateaudeblavou.fr\/en\/wp-json\/wp\/v2\/users\/1"}],"replies":[{"embeddable":true,"href":"https:\/\/www.chateaudeblavou.fr\/en\/wp-json\/wp\/v2\/comments?post=2774"}],"version-history":[{"count":11,"href":"https:\/\/www.chateaudeblavou.fr\/en\/wp-json\/wp\/v2\/pages\/2774\/revisions"}],"predecessor-version":[{"id":2818,"href":"https:\/\/www.chateaudeblavou.fr\/en\/wp-json\/wp\/v2\/pages\/2774\/revisions\/2818"}],"wp:attachment":[{"href":"https:\/\/www.chateaudeblavou.fr\/en\/wp-json\/wp\/v2\/media?parent=2774"}],"curies":[{"name":"wp","href":"https:\/\/api.w.org\/{rel}","templated":true}]}}